{"id":210,"date":"2024-06-25T13:54:16","date_gmt":"2024-06-25T13:54:16","guid":{"rendered":"https:\/\/ritmostudio.com\/?page_id=210"},"modified":"2024-07-08T10:13:47","modified_gmt":"2024-07-08T10:13:47","slug":"terminos-de-uso","status":"publish","type":"page","link":"https:\/\/ritmostudio.com\/en\/terminos-de-uso\/","title":{"rendered":"Terminos de uso"},"content":{"rendered":"\t\t<div data-elementor-type=\"wp-page\" data-elementor-id=\"210\" class=\"elementor elementor-210\" data-elementor-post-type=\"page\">\n\t\t\t\t<div class=\"elementor-element elementor-element-05fe141 e-flex e-con-boxed e-con e-parent\" data-id=\"05fe141\" data-element_type=\"container\" data-e-type=\"container\">\n\t\t\t\t\t<div class=\"e-con-inner\">\n\t\t\t\t<div class=\"elementor-element elementor-element-e8f32d4 elementor-widget-divider--view-line elementor-widget elementor-widget-divider\" data-id=\"e8f32d4\" data-element_type=\"widget\" data-e-type=\"widget\" data-widget_type=\"divider.default\">\n\t\t\t\t<div class=\"elementor-widget-container\">\n\t\t\t\t\t\t\t<div class=\"elementor-divider\">\n\t\t\t<span class=\"elementor-divider-separator\">\n\t\t\t\t\t\t<\/span>\n\t\t<\/div>\n\t\t\t\t\t\t<\/div>\n\t\t\t\t<\/div>\n\t\t\t\t\t<\/div>\n\t\t\t\t<\/div>\n\t\t<div class=\"elementor-element elementor-element-c679fc5 e-flex e-con-boxed e-con e-parent\" data-id=\"c679fc5\" data-element_type=\"container\" data-e-type=\"container\">\n\t\t\t\t\t<div class=\"e-con-inner\">\n\t\t\t\t<div class=\"elementor-element elementor-element-0256ea5 elementor-widget elementor-widget-heading\" data-id=\"0256ea5\" data-element_type=\"widget\" data-e-type=\"widget\" data-widget_type=\"heading.default\">\n\t\t\t\t<div class=\"elementor-widget-container\">\n\t\t\t\t\t<h2 class=\"elementor-heading-title elementor-size-default\">T\u00e9rminos de Uso<\/h2>\t\t\t\t<\/div>\n\t\t\t\t<\/div>\n\t\t\t\t\t<\/div>\n\t\t\t\t<\/div>\n\t\t<div class=\"elementor-element elementor-element-42f5544 e-con-full e-flex e-con e-parent\" data-id=\"42f5544\" data-element_type=\"container\" data-e-type=\"container\">\n\t\t\t\t<div class=\"elementor-element elementor-element-8250d60 elementor-widget elementor-widget-text-editor\" data-id=\"8250d60\" data-element_type=\"widget\" data-e-type=\"widget\" data-widget_type=\"text-editor.default\">\n\t\t\t\t<div class=\"elementor-widget-container\">\n\t\t\t\t\t\t\t\t\t<p><strong>1. Aceptaci\u00f3n de los T\u00e9rminos<\/strong><\/p><p>Al acceder y utilizar el sitio web de Ritmo Studio (<a href=\"https:\/\/ritmostudio.com\/\" target=\"_new\" rel=\"noreferrer\">https:\/\/ritmostudio.com\/<\/a>), aceptas cumplir y estar sujeto a los siguientes t\u00e9rminos y condiciones de uso. Si no est\u00e1s de acuerdo con estos t\u00e9rminos, por favor, no utilices este sitio web.<\/p><p><strong>2. Uso del Sitio Web<\/strong><\/p><p>El contenido de las p\u00e1ginas de este sitio web es para tu informaci\u00f3n general y uso personal. Est\u00e1 sujeto a cambios sin previo aviso. El uso de cualquier informaci\u00f3n o materiales en este sitio web es bajo tu propio riesgo, por lo cual no seremos responsables. Ser\u00e1 tu responsabilidad asegurarte de que cualquier producto, servicio o informaci\u00f3n disponible a trav\u00e9s de este sitio web cumpla con tus requisitos espec\u00edficos.<\/p><p><strong>3. Propiedad Intelectual<\/strong><\/p><p>Este sitio web contiene material que es propiedad de o est\u00e1 licenciado a Ritmo Studio. Este material incluye, pero no se limita a, el dise\u00f1o, disposici\u00f3n, aspecto, apariencia y gr\u00e1ficos. La reproducci\u00f3n est\u00e1 prohibida excepto de acuerdo con el aviso de copyright, que forma parte de estos t\u00e9rminos y condiciones.<\/p><p><strong>4. Enlaces a Otros Sitios Web<\/strong><\/p><p>Este sitio web puede incluir enlaces a otros sitios web. Estos enlaces se proporcionan para tu conveniencia para proporcionar m\u00e1s informaci\u00f3n. No significan que respaldamos el\/los sitio(s) web. No tenemos responsabilidad alguna por el contenido del\/los sitio(s) web enlazado(s).<\/p><p><strong>5. Privacidad<\/strong><\/p><p>Tu uso de este sitio web est\u00e1 sujeto a nuestra Pol\u00edtica de Privacidad, la cual puedes encontrar en este mismo sitio web. Te recomendamos que la revises para entender nuestras pr\u00e1cticas.<\/p><p><strong>6. Limitaci\u00f3n de Responsabilidad<\/strong><\/p><p>Ritmo Studio no ser\u00e1 responsable de ninguna p\u00e9rdida o da\u00f1o que pueda surgir del uso de este sitio web o de la informaci\u00f3n en \u00e9l contenida, incluyendo pero no limit\u00e1ndose a da\u00f1os directos, indirectos, incidentales, punitivos y consecuentes.<\/p><p><strong>7. Modificaciones de los T\u00e9rminos<\/strong><\/p><p>Ritmo Studio puede revisar estos t\u00e9rminos de uso en cualquier momento actualizando esta publicaci\u00f3n. Se te recomienda visitar esta p\u00e1gina de vez en cuando para revisar los t\u00e9rminos actualizados, ya que son vinculantes para ti.<\/p><p><strong>8. Ley Aplicable<\/strong><\/p><p>El uso de este sitio web y cualquier disputa que surja de tal uso del sitio est\u00e1 sujeto a las leyes de [Tu Pa\u00eds\/Estado].<\/p><p><strong>9. Contacto<\/strong><\/p><p>Si tienes alguna pregunta sobre estos T\u00e9rminos de Uso, por favor cont\u00e1ctanos en:<\/p><ul><li><p><strong>Correo Electr\u00f3nico:<\/strong> <a rel=\"noreferrer\">info@hmw.186.myftpupload.com<\/a><\/p><\/li><\/ul><p>\u00a0<\/p><p>\u00a0<\/p><p>\u00a0<\/p><p>\u00a0<\/p><p>\u00a0<\/p>\t\t\t\t\t\t\t\t<\/div>\n\t\t\t\t<\/div>\n\t\t\t\t<\/div>\n\t\t\t\t<\/div>\n\t\t","protected":false},"excerpt":{"rendered":"<p>T\u00e9rminos de Uso 1. Aceptaci\u00f3n de los T\u00e9rminos Al acceder y utilizar el sitio web de Ritmo Studio (https:\/\/ritmostudio.com\/), aceptas cumplir y estar sujeto a los siguientes t\u00e9rminos y condiciones de uso. Si no est\u00e1s de acuerdo con estos t\u00e9rminos, por favor, no utilices este sitio web. 2. Uso del Sitio Web El contenido de [&hellip;]<\/p>\n","protected":false},"author":1,"featured_media":0,"parent":0,"menu_order":0,"comment_status":"closed","ping_status":"closed","template":"elementor_header_footer","meta":{"inline_featured_image":false,"footnotes":""},"class_list":["post-210","page","type-page","status-publish","hentry"],"yoast_head":"<!-- This site is optimized with the Yoast SEO plugin v27.4 - https:\/\/yoast.com\/product\/yoast-seo-wordpress\/ -->\n<title>Terminos de uso - Ritmo Studio<\/title>\n<meta name=\"robots\" content=\"index, follow, max-snippet:-1, max-image-preview:large, max-video-preview:-1\" \/>\n<link rel=\"canonical\" href=\"https:\/\/ritmostudio.com\/en\/terminos-de-uso\/\" \/>\n<meta property=\"og:locale\" content=\"en_US\" \/>\n<meta property=\"og:type\" content=\"article\" \/>\n<meta property=\"og:title\" content=\"Terminos de uso - Ritmo Studio\" \/>\n<meta property=\"og:description\" content=\"T\u00e9rminos de Uso 1. Aceptaci\u00f3n de los T\u00e9rminos Al acceder y utilizar el sitio web de Ritmo Studio (https:\/\/ritmostudio.com\/), aceptas cumplir y estar sujeto a los siguientes t\u00e9rminos y condiciones de uso. Si no est\u00e1s de acuerdo con estos t\u00e9rminos, por favor, no utilices este sitio web. 2. Uso del Sitio Web El contenido de [&hellip;]\" \/>\n<meta property=\"og:url\" content=\"https:\/\/ritmostudio.com\/en\/terminos-de-uso\/\" \/>\n<meta property=\"og:site_name\" content=\"Ritmo Studio\" \/>\n<meta property=\"article:modified_time\" content=\"2024-07-08T10:13:47+00:00\" \/>\n<meta name=\"twitter:card\" content=\"summary_large_image\" \/>\n<meta name=\"twitter:label1\" content=\"Est. reading time\" \/>\n\t<meta name=\"twitter:data1\" content=\"2 minutes\" \/>\n<script type=\"application\/ld+json\" class=\"yoast-schema-graph\">{\"@context\":\"https:\\\/\\\/schema.org\",\"@graph\":[{\"@type\":\"WebPage\",\"@id\":\"https:\\\/\\\/ritmostudio.com\\\/terminos-de-uso\\\/\",\"url\":\"https:\\\/\\\/ritmostudio.com\\\/terminos-de-uso\\\/\",\"name\":\"Terminos de uso - Ritmo Studio\",\"isPartOf\":{\"@id\":\"https:\\\/\\\/ritmostudio.com\\\/#website\"},\"datePublished\":\"2024-06-25T13:54:16+00:00\",\"dateModified\":\"2024-07-08T10:13:47+00:00\",\"breadcrumb\":{\"@id\":\"https:\\\/\\\/ritmostudio.com\\\/terminos-de-uso\\\/#breadcrumb\"},\"inLanguage\":\"en-US\",\"potentialAction\":[{\"@type\":\"ReadAction\",\"target\":[\"https:\\\/\\\/ritmostudio.com\\\/terminos-de-uso\\\/\"]}]},{\"@type\":\"BreadcrumbList\",\"@id\":\"https:\\\/\\\/ritmostudio.com\\\/terminos-de-uso\\\/#breadcrumb\",\"itemListElement\":[{\"@type\":\"ListItem\",\"position\":1,\"name\":\"Inicio\",\"item\":\"https:\\\/\\\/ritmostudio.com\\\/\"},{\"@type\":\"ListItem\",\"position\":2,\"name\":\"Terminos de uso\"}]},{\"@type\":\"WebSite\",\"@id\":\"https:\\\/\\\/ritmostudio.com\\\/#website\",\"url\":\"https:\\\/\\\/ritmostudio.com\\\/\",\"name\":\"Ritmo Studio\",\"description\":\"Sound Branding\",\"publisher\":{\"@id\":\"https:\\\/\\\/ritmostudio.com\\\/#organization\"},\"potentialAction\":[{\"@type\":\"SearchAction\",\"target\":{\"@type\":\"EntryPoint\",\"urlTemplate\":\"https:\\\/\\\/ritmostudio.com\\\/?s={search_term_string}\"},\"query-input\":{\"@type\":\"PropertyValueSpecification\",\"valueRequired\":true,\"valueName\":\"search_term_string\"}}],\"inLanguage\":\"en-US\"},{\"@type\":\"Organization\",\"@id\":\"https:\\\/\\\/ritmostudio.com\\\/#organization\",\"name\":\"Ritmo Studio\",\"url\":\"https:\\\/\\\/ritmostudio.com\\\/\",\"logo\":{\"@type\":\"ImageObject\",\"inLanguage\":\"en-US\",\"@id\":\"https:\\\/\\\/ritmostudio.com\\\/#\\\/schema\\\/logo\\\/image\\\/\",\"url\":\"https:\\\/\\\/ritmostudio.com\\\/wp-content\\\/uploads\\\/2024\\\/06\\\/g10.png\",\"contentUrl\":\"https:\\\/\\\/ritmostudio.com\\\/wp-content\\\/uploads\\\/2024\\\/06\\\/g10.png\",\"width\":300,\"height\":135,\"caption\":\"Ritmo Studio\"},\"image\":{\"@id\":\"https:\\\/\\\/ritmostudio.com\\\/#\\\/schema\\\/logo\\\/image\\\/\"}}]}<\/script>\n<!-- \/ Yoast SEO plugin. -->","yoast_head_json":{"title":"Terminos de uso - Ritmo Studio","robots":{"index":"index","follow":"follow","max-snippet":"max-snippet:-1","max-image-preview":"max-image-preview:large","max-video-preview":"max-video-preview:-1"},"canonical":"https:\/\/ritmostudio.com\/en\/terminos-de-uso\/","og_locale":"en_US","og_type":"article","og_title":"Terminos de uso - Ritmo Studio","og_description":"T\u00e9rminos de Uso 1. Aceptaci\u00f3n de los T\u00e9rminos Al acceder y utilizar el sitio web de Ritmo Studio (https:\/\/ritmostudio.com\/), aceptas cumplir y estar sujeto a los siguientes t\u00e9rminos y condiciones de uso. Si no est\u00e1s de acuerdo con estos t\u00e9rminos, por favor, no utilices este sitio web. 2. Uso del Sitio Web El contenido de [&hellip;]","og_url":"https:\/\/ritmostudio.com\/en\/terminos-de-uso\/","og_site_name":"Ritmo Studio","article_modified_time":"2024-07-08T10:13:47+00:00","twitter_card":"summary_large_image","twitter_misc":{"Est. reading time":"2 minutes"},"schema":{"@context":"https:\/\/schema.org","@graph":[{"@type":"WebPage","@id":"https:\/\/ritmostudio.com\/terminos-de-uso\/","url":"https:\/\/ritmostudio.com\/terminos-de-uso\/","name":"Terminos de uso - Ritmo Studio","isPartOf":{"@id":"https:\/\/ritmostudio.com\/#website"},"datePublished":"2024-06-25T13:54:16+00:00","dateModified":"2024-07-08T10:13:47+00:00","breadcrumb":{"@id":"https:\/\/ritmostudio.com\/terminos-de-uso\/#breadcrumb"},"inLanguage":"en-US","potentialAction":[{"@type":"ReadAction","target":["https:\/\/ritmostudio.com\/terminos-de-uso\/"]}]},{"@type":"BreadcrumbList","@id":"https:\/\/ritmostudio.com\/terminos-de-uso\/#breadcrumb","itemListElement":[{"@type":"ListItem","position":1,"name":"Inicio","item":"https:\/\/ritmostudio.com\/"},{"@type":"ListItem","position":2,"name":"Terminos de uso"}]},{"@type":"WebSite","@id":"https:\/\/ritmostudio.com\/#website","url":"https:\/\/ritmostudio.com\/","name":"Ritmo Studio","description":"Sound Branding","publisher":{"@id":"https:\/\/ritmostudio.com\/#organization"},"potentialAction":[{"@type":"SearchAction","target":{"@type":"EntryPoint","urlTemplate":"https:\/\/ritmostudio.com\/?s={search_term_string}"},"query-input":{"@type":"PropertyValueSpecification","valueRequired":true,"valueName":"search_term_string"}}],"inLanguage":"en-US"},{"@type":"Organization","@id":"https:\/\/ritmostudio.com\/#organization","name":"Ritmo Studio","url":"https:\/\/ritmostudio.com\/","logo":{"@type":"ImageObject","inLanguage":"en-US","@id":"https:\/\/ritmostudio.com\/#\/schema\/logo\/image\/","url":"https:\/\/ritmostudio.com\/wp-content\/uploads\/2024\/06\/g10.png","contentUrl":"https:\/\/ritmostudio.com\/wp-content\/uploads\/2024\/06\/g10.png","width":300,"height":135,"caption":"Ritmo Studio"},"image":{"@id":"https:\/\/ritmostudio.com\/#\/schema\/logo\/image\/"}}]}},"_links":{"self":[{"href":"https:\/\/ritmostudio.com\/en\/wp-json\/wp\/v2\/pages\/210","targetHints":{"allow":["GET"]}}],"collection":[{"href":"https:\/\/ritmostudio.com\/en\/wp-json\/wp\/v2\/pages"}],"about":[{"href":"https:\/\/ritmostudio.com\/en\/wp-json\/wp\/v2\/types\/page"}],"author":[{"embeddable":true,"href":"https:\/\/ritmostudio.com\/en\/wp-json\/wp\/v2\/users\/1"}],"replies":[{"embeddable":true,"href":"https:\/\/ritmostudio.com\/en\/wp-json\/wp\/v2\/comments?post=210"}],"version-history":[{"count":47,"href":"https:\/\/ritmostudio.com\/en\/wp-json\/wp\/v2\/pages\/210\/revisions"}],"predecessor-version":[{"id":689,"href":"https:\/\/ritmostudio.com\/en\/wp-json\/wp\/v2\/pages\/210\/revisions\/689"}],"wp:attachment":[{"href":"https:\/\/ritmostudio.com\/en\/wp-json\/wp\/v2\/media?parent=210"}],"curies":[{"name":"wp","href":"https:\/\/api.w.org\/{rel}","templated":true}]}}